{"id":7375,"date":"2025-02-24T21:59:15","date_gmt":"2025-02-24T20:59:15","guid":{"rendered":"https:\/\/continentalcarcenter.com\/?page_id=7375"},"modified":"2025-02-26T15:47:58","modified_gmt":"2025-02-26T14:47:58","slug":"financing","status":"publish","type":"page","link":"https:\/\/continentalcarcenter.com\/es\/financing\/","title":{"rendered":"Financiamiento"},"content":{"rendered":"<div data-elementor-type=\"wp-page\" data-elementor-id=\"7375\" class=\"elementor elementor-7375\">\n\t\t\t\t\t\t<section class=\"elementor-section elementor-top-section elementor-element elementor-element-8c7f413 elementor-section-boxed elementor-section-height-default elementor-section-height-default\" data-id=\"8c7f413\" data-element_type=\"section\" data-e-type=\"section\">\n\t\t\t\t\t\t<div class=\"elementor-container elementor-column-gap-default\">\n\t\t\t\t\t<div class=\"elementor-column elementor-col-100 elementor-top-column elementor-element elementor-element-13117f9\" data-id=\"13117f9\" data-element_type=\"column\" data-e-type=\"column\">\n\t\t\t<div class=\"elementor-widget-wrap elementor-element-populated\">\n\t\t\t\t\t\t<div class=\"elementor-element elementor-element-25ae8d5 elementor-widget elementor-widget-text-editor\" data-id=\"25ae8d5\" data-element_type=\"widget\" data-e-type=\"widget\" data-widget_type=\"text-editor.default\">\n\t\t\t\t<div class=\"elementor-widget-container\">\n\t\t\t\t\t\t\t\t\t<h2><span style=\"color: #f11919;\">AN\u00c1LISIS DE CR\u00c9DITO <\/span>\u00a0FORMULARIO<\/h2>\t\t\t\t\t\t\t\t<\/div>\n\t\t\t\t<\/div>\n\t\t\t\t<div class=\"elementor-element elementor-element-d6cff2a elementor-widget elementor-widget-text-editor\" data-id=\"d6cff2a\" data-element_type=\"widget\" data-e-type=\"widget\" data-widget_type=\"text-editor.default\">\n\t\t\t\t<div class=\"elementor-widget-container\">\n\t\t\t\t\t\t\t\t\tDespu\u00e9s de completar el formulario, llame a uno de nuestros agentes para<br> verificar la recepci\u00f3n de sus datos personales.\t\t\t\t\t\t\t\t<\/div>\n\t\t\t\t<\/div>\n\t\t\t\t<div class=\"elementor-element elementor-element-aeb1db2 elementor-widget elementor-widget-stm-contact-form-seven\" data-id=\"aeb1db2\" data-element_type=\"widget\" data-e-type=\"widget\" data-widget_type=\"stm-contact-form-seven.default\">\n\t\t\t\t<div class=\"elementor-widget-container\">\n\t\t\t\t\t\n<div class=\"stm-elementor-contact-form-seven\" id=\"single_contact_form_71388\">\n\t<div class=\"icon-title\">\n\t\t\t<\/div>\n\n\t\n\t\n<div class=\"wpcf7 no-js\" id=\"wpcf7-f7374-o1\" lang=\"en-US\" dir=\"ltr\" data-wpcf7-id=\"7374\">\n<div class=\"screen-reader-response\"><p role=\"status\" aria-live=\"polite\" aria-atomic=\"true\"><\/p> <ul><\/ul><\/div>\n<form action=\"\/es\/wp-json\/wp\/v2\/pages\/7375#wpcf7-f7374-o1\" method=\"post\" class=\"wpcf7-form init\" aria-label=\"Contact form\" enctype=\"multipart\/form-data\" novalidate=\"novalidate\" data-status=\"init\" data-trp-original-action=\"\/es\/wp-json\/wp\/v2\/pages\/7375#wpcf7-f7374-o1\">\n<fieldset class=\"hidden-fields-container\"><input type=\"hidden\" name=\"_wpcf7\" value=\"7374\" \/><input type=\"hidden\" name=\"_wpcf7_version\" value=\"6.1.5\" \/><input type=\"hidden\" name=\"_wpcf7_locale\" value=\"en_US\" \/><input type=\"hidden\" name=\"_wpcf7_unit_tag\" value=\"wpcf7-f7374-o1\" \/><input type=\"hidden\" name=\"_wpcf7_container_post\" value=\"0\" \/><input type=\"hidden\" name=\"_wpcf7_posted_data_hash\" value=\"\" \/>\n<\/fieldset>\n<div class=\"cf-container\">\n\t<div class=\"cf-col-12\">Nombre completo:<br> <span class=\"wpcf7-form-control-wrap\" data-name=\"nombres\"><input size=\"40\" maxlength=\"400\" class=\"wpcf7-form-control wpcf7-text wpcf7-validates-as-required\" aria-required=\"true\" aria-invalid=\"false\" value=\"\" type=\"text\" name=\"nombres\" \/><\/span><\/div>\n\t<div class=\"cf-col-4\">Fecha de nacimiento:<br> <span class=\"wpcf7-form-control-wrap\" data-name=\"date-120\"><input class=\"wpcf7-form-control wpcf7-date wpcf7-validates-as-date\" aria-invalid=\"false\" value=\"\" type=\"date\" name=\"date-120\" \/><\/span><\/div>\n\t<div class=\"cf-col-4\">N\u00famero de tel\u00e9fono:<br> <span class=\"wpcf7-form-control-wrap\" data-name=\"telefono\"><input size=\"40\" maxlength=\"400\" class=\"wpcf7-form-control wpcf7-text wpcf7-validates-as-required\" aria-required=\"true\" aria-invalid=\"false\" value=\"\" type=\"text\" name=\"telefono\" \/><\/span><\/div>\n\t<div class=\"cf-col-4\">Correo electr\u00f3nico:<br> <span class=\"wpcf7-form-control-wrap\" data-name=\"text-correo\"><input size=\"40\" maxlength=\"400\" class=\"wpcf7-form-control wpcf7-text wpcf7-validates-as-required\" aria-required=\"true\" aria-invalid=\"false\" value=\"\" type=\"text\" name=\"text-correo\" \/><\/span><\/div>\n\t<div class=\"cf-col-3\">C\u00f3digo postal:<br> <span class=\"wpcf7-form-control-wrap\" data-name=\"postal\"><input size=\"40\" maxlength=\"400\" class=\"wpcf7-form-control wpcf7-text\" aria-invalid=\"false\" value=\"\" type=\"text\" name=\"postal\" \/><\/span><\/div>\n\t<div class=\"cf-col-9\">Direcci\u00f3n:<br> <span class=\"wpcf7-form-control-wrap\" data-name=\"text-direccion\"><input size=\"40\" maxlength=\"400\" class=\"wpcf7-form-control wpcf7-text wpcf7-validates-as-required\" aria-required=\"true\" aria-invalid=\"false\" value=\"\" type=\"text\" name=\"text-direccion\" \/><\/span><\/div>\n\t<div class=\"cf-col-12\">Tipo de residencia:<br> <span class=\"wpcf7-form-control-wrap\" data-name=\"radio-974\"><span class=\"wpcf7-form-control wpcf7-radio\"><span class=\"wpcf7-list-item first\"><label><input type=\"radio\" name=\"radio-974\" value=\"Own House\" \/><span class=\"wpcf7-list-item-label\">Casa propia<\/span><\/label><\/span><span class=\"wpcf7-list-item\"><label><input type=\"radio\" name=\"radio-974\" value=\"Rented House\" \/><span class=\"wpcf7-list-item-label\">Casa alquilada<\/span><\/label><\/span><span class=\"wpcf7-list-item\"><label><input type=\"radio\" name=\"radio-974\" value=\"Apartment Rented\" \/><span class=\"wpcf7-list-item-label\">Apartamento alquilado<\/span><\/label><\/span><span class=\"wpcf7-list-item last\"><label><input type=\"radio\" name=\"radio-974\" value=\"Own Apartment\" \/><span class=\"wpcf7-list-item-label\">Apartamento propio<\/span><\/label><\/span><\/span><\/span><\/div>\n\t<div class=\"cf-col-12\">Duraci\u00f3n de la estancia:<br> <span class=\"wpcf7-form-control-wrap\" data-name=\"text-tiempo-de-residencia\"><input size=\"40\" maxlength=\"400\" class=\"wpcf7-form-control wpcf7-text wpcf7-validates-as-required\" aria-required=\"true\" aria-invalid=\"false\" value=\"\" type=\"text\" name=\"text-tiempo-de-residencia\" \/><\/span><\/div>\n\t<div class=\"cf-col-12\">\u00bfPagas gastos de vivienda o renta?:<br> <span class=\"wpcf7-form-control-wrap\" data-name=\"checkbox-pagas-cuotas-de-vivienda-o-alquiler\"><span class=\"wpcf7-form-control wpcf7-checkbox\"><span class=\"wpcf7-list-item first\"><label><input type=\"checkbox\" name=\"checkbox-pagas-cuotas-de-vivienda-o-alquiler[]\" value=\"Yes\" \/><span class=\"wpcf7-list-item-label\">Si<\/span><\/label><\/span><span class=\"wpcf7-list-item last\"><label><input type=\"checkbox\" name=\"checkbox-pagas-cuotas-de-vivienda-o-alquiler[]\" value=\"No\" \/><span class=\"wpcf7-list-item-label\">No<\/span><\/label><\/span><\/span><\/span><\/div>\n\t<div class=\"cf-col-12\">\n\u00bfCu\u00e1l es el n\u00famero del autom\u00f3vil que desea financiar?:<br> <span class=\"wpcf7-form-control-wrap\" data-name=\"monto-a-financiar\"><input size=\"40\" maxlength=\"400\" class=\"wpcf7-form-control wpcf7-text\" aria-invalid=\"false\" value=\"\" type=\"text\" name=\"monto-a-financiar\" \/><\/span><\/div>\n\t<div class=\"cf-col-12\">Estado civil:<br> <span class=\"wpcf7-form-control-wrap\" data-name=\"checkbox-estado-civil\"><span class=\"wpcf7-form-control wpcf7-checkbox\"><span class=\"wpcf7-list-item first\"><label><input type=\"checkbox\" name=\"checkbox-estado-civil[]\" value=\"Married\" \/><span class=\"wpcf7-list-item-label\">Casado<\/span><\/label><\/span><span class=\"wpcf7-list-item last\"><label><input type=\"checkbox\" name=\"checkbox-estado-civil[]\" value=\"Single\" \/><span class=\"wpcf7-list-item-label\">Soltero<\/span><\/label><\/span><\/span><\/span><\/div>\n\t<div class=\"cf-col-6\">Nombre del c\u00f3nyuge \/ Contacto de emergencia:<br> <span class=\"wpcf7-form-control-wrap\" data-name=\"text-nombre-del-conyuge\"><input size=\"40\" maxlength=\"400\" class=\"wpcf7-form-control wpcf7-text\" aria-invalid=\"false\" value=\"\" type=\"text\" name=\"text-nombre-del-conyuge\" \/><\/span><\/div>\n\t<div class=\"cf-col-6\">N\u00famero de tel\u00e9fono del c\u00f3nyuge \/ Contacto de emergencia:<br> <span class=\"wpcf7-form-control-wrap\" data-name=\"text-telf-de-conyuge\"><input size=\"40\" maxlength=\"400\" class=\"wpcf7-form-control wpcf7-text\" aria-invalid=\"false\" value=\"\" type=\"text\" name=\"text-telf-de-conyuge\" \/><\/span><\/div>\n\t<div class=\"cf-col-6\">\u00bfQui\u00e9n es el jefe de la familia? :<br> <span class=\"wpcf7-form-control-wrap\" data-name=\"text-quien-es-el-jefe-de-la-familia\"><input size=\"40\" maxlength=\"400\" class=\"wpcf7-form-control wpcf7-text\" aria-invalid=\"false\" value=\"\" type=\"text\" name=\"text-quien-es-el-jefe-de-la-familia\" \/><\/span><\/div>\n\t<div class=\"cf-col-6\">\u00bfCu\u00e1ntos adultos y cu\u00e1ntos ni\u00f1os viven en la misma direcci\u00f3n?:<br> <span class=\"wpcf7-form-control-wrap\" data-name=\"text-cuantos-adultos-y-ninos\"><input size=\"40\" maxlength=\"400\" class=\"wpcf7-form-control wpcf7-text\" aria-invalid=\"false\" value=\"\" type=\"text\" name=\"text-cuantos-adultos-y-ninos\" \/><\/span> <\/div>\n\t<div class=\"cf-col-12\">Seguro m\u00e9dico:<br> <span class=\"wpcf7-form-control-wrap\" data-name=\"radio-504\"><span class=\"wpcf7-form-control wpcf7-radio\"><span class=\"wpcf7-list-item first\"><label><input type=\"radio\" name=\"radio-504\" value=\"Shakai Hoken\" \/><span class=\"wpcf7-list-item-label\">Seguro social<\/span><\/label><\/span><span class=\"wpcf7-list-item\"><label><input type=\"radio\" name=\"radio-504\" value=\"Kokumin Hoken\" \/><span class=\"wpcf7-list-item-label\">Seguro m\u00e9dico nacional<\/span><\/label><\/span><span class=\"wpcf7-list-item last\"><label><input type=\"radio\" name=\"radio-504\" value=\"Don&#039;t have\" \/><span class=\"wpcf7-list-item-label\">No tengo<\/span><\/label><\/span><\/span><\/span><\/div>\n\t<div class=\"cf-col-12\">Tipo de visa:<br> <span class=\"wpcf7-form-control-wrap\" data-name=\"radio-761\"><span class=\"wpcf7-form-control wpcf7-radio\"><span class=\"wpcf7-list-item first\"><label><input type=\"radio\" name=\"radio-761\" value=\"Resident\" \/><span class=\"wpcf7-list-item-label\">Residente<\/span><\/label><\/span><span class=\"wpcf7-list-item last\"><label><input type=\"radio\" name=\"radio-761\" value=\"Permanent\" \/><span class=\"wpcf7-list-item-label\">Permanente<\/span><\/label><\/span><\/span><\/span><\/div>\n\t<div class=\"cf-col-12\">Contrato de trabajo:<br> <span class=\"wpcf7-form-control-wrap\" data-name=\"radio-857\"><span class=\"wpcf7-form-control wpcf7-radio\"><span class=\"wpcf7-list-item first\"><label><input type=\"radio\" name=\"radio-857\" value=\"Haken Shain (Construction Company)\" \/><span class=\"wpcf7-list-item-label\">Haken Shain (Empresa constructora)<\/span><\/label><\/span><span class=\"wpcf7-list-item\"><label><input type=\"radio\" name=\"radio-857\" value=\"Keyaku Shain\" \/><span class=\"wpcf7-list-item-label\">Keyaku Shain<\/span><\/label><\/span><span class=\"wpcf7-list-item last\"><label><input type=\"radio\" name=\"radio-857\" value=\"Sei Shain\" \/><span class=\"wpcf7-list-item-label\">Sei Shain<\/span><\/label><\/span><\/span><\/span><\/div>\n\t<div class=\"cf-col-4\">Tipo de trabajo:<br> <span class=\"wpcf7-form-control-wrap\" data-name=\"text-tipo-de-trabajo\"><input size=\"40\" maxlength=\"400\" class=\"wpcf7-form-control wpcf7-text\" aria-invalid=\"false\" value=\"\" type=\"text\" name=\"text-tipo-de-trabajo\" \/><\/span><\/div>\n\t<div class=\"cf-col-4\">Horario de trabajo:<br> <span class=\"wpcf7-form-control-wrap\" data-name=\"text-tiempo-de-trabajo\"><input size=\"40\" maxlength=\"400\" class=\"wpcf7-form-control wpcf7-text\" aria-invalid=\"false\" value=\"\" type=\"text\" name=\"text-tiempo-de-trabajo\" \/><\/span><\/div>\n\t<div class=\"cf-col-4\">Ingresos brutos anuales:<br> <span class=\"wpcf7-form-control-wrap\" data-name=\"text-renta-brutal-anual\"><input size=\"40\" maxlength=\"400\" class=\"wpcf7-form-control wpcf7-text\" aria-invalid=\"false\" value=\"\" type=\"text\" name=\"text-renta-brutal-anual\" \/><\/span><\/div>\n\t<div class=\"cf-col-6\">Nombre del contratista:<br> <span class=\"wpcf7-form-control-wrap\" data-name=\"nombre-de-contratista\"><input size=\"40\" maxlength=\"400\" class=\"wpcf7-form-control wpcf7-text\" aria-invalid=\"false\" value=\"\" type=\"text\" name=\"nombre-de-contratista\" \/><\/span><\/div>\n\t<div class=\"cf-col-6\">Direcci\u00f3n del contratista:<br> <span class=\"wpcf7-form-control-wrap\" data-name=\"direccion-de-contratista\"><input size=\"40\" maxlength=\"400\" class=\"wpcf7-form-control wpcf7-text\" aria-invalid=\"false\" value=\"\" type=\"text\" name=\"direccion-de-contratista\" \/><\/span><\/div>\n\t<div class=\"cf-col-6\">N\u00famero de tel\u00e9fono del contratista:<br> <span class=\"wpcf7-form-control-wrap\" data-name=\"telf-de-contratista\"><input size=\"40\" maxlength=\"400\" class=\"wpcf7-form-control wpcf7-text\" aria-invalid=\"false\" value=\"\" type=\"text\" name=\"telf-de-contratista\" \/><\/span><\/div>\n\t<div class=\"cf-col-6\">Nombre de la empresa para la que trabaja:<br> <span class=\"wpcf7-form-control-wrap\" data-name=\"nombre-de-empresa-en-q-trabaja\"><input size=\"40\" maxlength=\"400\" class=\"wpcf7-form-control wpcf7-text\" aria-invalid=\"false\" value=\"\" type=\"text\" name=\"nombre-de-empresa-en-q-trabaja\" \/><\/span><\/div>\n\t<div class=\"cf-col-6\">Direcci\u00f3n de la empresa en la que trabaja:<br> <span class=\"wpcf7-form-control-wrap\" data-name=\"direc-de-empresa-en-q-trabaja\"><input size=\"40\" maxlength=\"400\" class=\"wpcf7-form-control wpcf7-text\" aria-invalid=\"false\" value=\"\" type=\"text\" name=\"direc-de-empresa-en-q-trabaja\" \/><\/span><\/div>\n\t<div class=\"cf-col-6\">N\u00famero de tel\u00e9fono de la empresa en la que trabaja:<br><span class=\"wpcf7-form-control-wrap\" data-name=\"telf-de-empresa-en-q-trabaja\"><input size=\"40\" maxlength=\"400\" class=\"wpcf7-form-control wpcf7-text wpcf7-validates-as-required\" aria-required=\"true\" aria-invalid=\"false\" value=\"\" type=\"text\" name=\"telf-de-empresa-en-q-trabaja\" \/><\/span><\/div>\n\t<div class=\"cf-col-12\">\u00bfCu\u00e1ntas personas, m\u00e1s o menos, trabajan en esta empresa?:<br> <span class=\"wpcf7-form-control-wrap\" data-name=\"radio-560\"><span class=\"wpcf7-form-control wpcf7-radio\"><span class=\"wpcf7-list-item first\"><label><input type=\"radio\" name=\"radio-560\" value=\"Less than 5 personas\" \/><span class=\"wpcf7-list-item-label\">Menos de 5 personas<\/span><\/label><\/span><span class=\"wpcf7-list-item\"><label><input type=\"radio\" name=\"radio-560\" value=\"More than 5 people\" \/><span class=\"wpcf7-list-item-label\">M\u00e1s de 5 personas<\/span><\/label><\/span><span class=\"wpcf7-list-item\"><label><input type=\"radio\" name=\"radio-560\" value=\"More than 100 personas\" \/><span class=\"wpcf7-list-item-label\">M\u00e1s de 100 personas<\/span><\/label><\/span><span class=\"wpcf7-list-item\"><label><input type=\"radio\" name=\"radio-560\" value=\"More than 500 personas\" \/><span class=\"wpcf7-list-item-label\">M\u00e1s de 500 personas<\/span><\/label><\/span><span class=\"wpcf7-list-item last\"><label><input type=\"radio\" name=\"radio-560\" value=\"More than 1000 personas\" \/><span class=\"wpcf7-list-item-label\">M\u00e1s de 1000 personas<\/span><\/label><\/span><\/span><\/span><\/div>\n\t<div class=\"cf-col-12\">\u00bfTienes un garante?:<br> <span class=\"wpcf7-form-control-wrap\" data-name=\"radio-607\"><span class=\"wpcf7-form-control wpcf7-radio\"><span class=\"wpcf7-list-item first\"><label><input type=\"radio\" name=\"radio-607\" value=\"Yes\" \/><span class=\"wpcf7-list-item-label\">Si<\/span><\/label><\/span><span class=\"wpcf7-list-item last\"><label><input type=\"radio\" name=\"radio-607\" value=\"No\" \/><span class=\"wpcf7-list-item-label\">No<\/span><\/label><\/span><\/span><\/span><\/div>\n\t<div class=\"cf-col-12\">\u00bfPor cu\u00e1nto tiempo planeas financiar?:<br> <span class=\"wpcf7-form-control-wrap\" data-name=\"radio-797\"><span class=\"wpcf7-form-control wpcf7-radio\"><span class=\"wpcf7-list-item first\"><label><input type=\"radio\" name=\"radio-797\" value=\"24 veces (2 a\u00f1os)\" \/><span class=\"wpcf7-list-item-label\">24 veces (2 a\u00f1os)<\/span><\/label><\/span><span class=\"wpcf7-list-item\"><label><input type=\"radio\" name=\"radio-797\" value=\"36 veces (3 a\u00f1os)\" \/><span class=\"wpcf7-list-item-label\">36 veces (3 a\u00f1os)<\/span><\/label><\/span><span class=\"wpcf7-list-item\"><label><input type=\"radio\" name=\"radio-797\" value=\"48 veces (4 a\u00f1os)\" \/><span class=\"wpcf7-list-item-label\">48 veces (4 a\u00f1os)<\/span><\/label><\/span><span class=\"wpcf7-list-item\"><label><input type=\"radio\" name=\"radio-797\" value=\"60 veces (5 a\u00f1os)\" \/><span class=\"wpcf7-list-item-label\">60 veces (5 a\u00f1os)<\/span><\/label><\/span><span class=\"wpcf7-list-item\"><label><input type=\"radio\" name=\"radio-797\" value=\"72 veces (6 a\u00f1os)\" \/><span class=\"wpcf7-list-item-label\">72 veces (6 a\u00f1os)<\/span><\/label><\/span><span class=\"wpcf7-list-item\"><label><input type=\"radio\" name=\"radio-797\" value=\"84 veces (7 a\u00f1os)\" \/><span class=\"wpcf7-list-item-label\">84 veces (7 a\u00f1os)<\/span><\/label><\/span><span class=\"wpcf7-list-item last\"><label><input type=\"radio\" name=\"radio-797\" value=\"120 veces (10 a\u00f1os)\" \/><span class=\"wpcf7-list-item-label\">120 veces (10 a\u00f1os)<\/span><\/label><\/span><\/span><\/span><\/div>\n\t<div class=\"cf-col-12\">Fotograf\u00eda de la tarjeta Zairyu (anverso y reverso):<br> <span class=\"wpcf7-form-control-wrap\" data-name=\"foto-de-la-carta-zairyu\"><input size=\"40\" class=\"wpcf7-form-control wpcf7-file\" accept=\"audio\/*,video\/*,image\/*\" aria-invalid=\"false\" type=\"file\" name=\"foto-de-la-carta-zairyu\" \/><\/span><\/div>\n\t<div class=\"cf-col-12\">Foto del carn\u00e9 de conducir (anverso y reverso):<br> <span class=\"wpcf7-form-control-wrap\" data-name=\"foto-de-licencia-de-conducir\"><input size=\"40\" class=\"wpcf7-form-control wpcf7-file\" accept=\"audio\/*,video\/*,image\/*\" aria-invalid=\"false\" type=\"file\" name=\"foto-de-licencia-de-conducir\" \/><\/span><\/div>\n\t<div class=\"cf-col-12\">Foto de la tarjeta del seguro m\u00e9dico (anverso y reverso):<br> <span class=\"wpcf7-form-control-wrap\" data-name=\"foto-de-la-tarjeta-de-seguro-medico\"><input size=\"40\" class=\"wpcf7-form-control wpcf7-file\" accept=\"audio\/*,video\/*,image\/*\" aria-invalid=\"false\" type=\"file\" name=\"foto-de-la-tarjeta-de-seguro-medico\" \/><\/span><\/div>\n\t<div class=\"cf-col-12\">Foto de un documento en el que aparezca el nombre completo en KATAKANA (tarjeta bancaria, tarjeta de cr\u00e9dito, seguro m\u00e9dico, tarjeta sanitaria):<br> <span class=\"wpcf7-form-control-wrap\" data-name=\"foto-de-un-documento-que-muestra-el-KATAKANA\"><input size=\"40\" class=\"wpcf7-form-control wpcf7-file\" accept=\"audio\/*,video\/*,image\/*\" aria-invalid=\"false\" type=\"file\" name=\"foto-de-un-documento-que-muestra-el-KATAKANA\" \/><\/span><\/div>\n<input class=\"wpcf7-form-control wpcf7-submit has-spinner\" type=\"submit\" value=\"ENVIAR\" \/>\n<\/div><div class=\"wpcf7-response-output\" aria-hidden=\"true\"><\/div>\n<input type=\"hidden\" name=\"trp-form-language\" value=\"es\"\/><\/form>\n<\/div>\n\t<\/div>\n\n\t\t\t\t<\/div>\n\t\t\t\t<\/div>\n\t\t\t\t\t<\/div>\n\t\t<\/div>\n\t\t\t\t\t<\/div>\n\t\t<\/section>\n\t\t\t\t<section class=\"elementor-section elementor-top-section elementor-element elementor-element-a0767ce elementor-section-content-middle elementor-section-stretched elementor-section-boxed elementor-section-height-default elementor-section-height-default\" data-id=\"a0767ce\" data-element_type=\"section\" data-e-type=\"section\" data-settings=\"{&quot;stretch_section&quot;:&quot;section-stretched&quot;,&quot;background_background&quot;:&quot;classic&quot;}\">\n\t\t\t\t\t\t<div class=\"elementor-container elementor-column-gap-default\">\n\t\t\t\t\t<div class=\"elementor-column elementor-col-50 elementor-top-column elementor-element elementor-element-f58fd82\" data-id=\"f58fd82\" data-element_type=\"column\" data-e-type=\"column\">\n\t\t\t<div class=\"elementor-widget-wrap elementor-element-populated\">\n\t\t\t\t\t\t<div class=\"elementor-element elementor-element-f6add34 elementor-widget elementor-widget-heading\" data-id=\"f6add34\" data-element_type=\"widget\" data-e-type=\"widget\" data-widget_type=\"heading.default\">\n\t\t\t\t<div class=\"elementor-widget-container\">\n\t\t\t\t\t<h3 class=\"elementor-heading-title elementor-size-default\"><span style=\"color:#FFF\">\u00bfTIENES ALGUNA PREGUNTA?<\/span> NO DUDE EN PREGUNTAR...<\/h3>\t\t\t\t<\/div>\n\t\t\t\t<\/div>\n\t\t\t\t\t<\/div>\n\t\t<\/div>\n\t\t\t\t<div class=\"elementor-column elementor-col-50 elementor-top-column elementor-element elementor-element-5b333ab\" data-id=\"5b333ab\" data-element_type=\"column\" data-e-type=\"column\">\n\t\t\t<div class=\"elementor-widget-wrap elementor-element-populated\">\n\t\t\t\t\t\t<section class=\"elementor-section elementor-inner-section elementor-element elementor-element-ede43e8 elementor-section-content-middle elementor-section-boxed elementor-section-height-default elementor-section-height-default\" data-id=\"ede43e8\" data-element_type=\"section\" data-e-type=\"section\">\n\t\t\t\t\t\t<div class=\"elementor-container elementor-column-gap-default\">\n\t\t\t\t\t<div class=\"elementor-column elementor-col-50 elementor-inner-column elementor-element elementor-element-025e716\" data-id=\"025e716\" data-element_type=\"column\" data-e-type=\"column\">\n\t\t\t<div class=\"elementor-widget-wrap elementor-element-populated\">\n\t\t\t\t\t\t<div class=\"elementor-element elementor-element-bdf9d4a elementor-position-inline-start elementor-widget__width-auto elementor-widget-tablet__width-inherit elementor-widget-mobile__width-inherit elementor-view-default elementor-mobile-position-block-start elementor-widget elementor-widget-icon-box\" data-id=\"bdf9d4a\" data-element_type=\"widget\" data-e-type=\"widget\" data-widget_type=\"icon-box.default\">\n\t\t\t\t<div class=\"elementor-widget-container\">\n\t\t\t\t\t\t\t<div class=\"elementor-icon-box-wrapper\">\n\n\t\t\t\t\t\t<div class=\"elementor-icon-box-icon\">\n\t\t\t\t<span  class=\"elementor-icon\">\n\t\t\t\t<i aria-hidden=\"true\" class=\"stmicon- stm-icon-phone2\"><\/i>\t\t\t\t<\/span>\n\t\t\t<\/div>\n\t\t\t\n\t\t\t\t\t\t<div class=\"elementor-icon-box-content\">\n\n\t\t\t\t\t\t\t\t\t<div class=\"elementor-icon-box-title\">\n\t\t\t\t\t\t<span  >\n\t\t\t\t\t\t\t+81 90-5603-8985 \t\t\t\t\t\t<\/span>\n\t\t\t\t\t<\/div>\n\t\t\t\t\n\t\t\t\t\n\t\t\t<\/div>\n\t\t\t\n\t\t<\/div>\n\t\t\t\t\t\t<\/div>\n\t\t\t\t<\/div>\n\t\t\t\t\t<\/div>\n\t\t<\/div>\n\t\t\t\t<div class=\"elementor-column elementor-col-50 elementor-inner-column elementor-element elementor-element-83458e7\" data-id=\"83458e7\" data-element_type=\"column\" data-e-type=\"column\">\n\t\t\t<div class=\"elementor-widget-wrap elementor-element-populated\">\n\t\t\t\t\t\t<div class=\"elementor-element elementor-element-12f4845 elementor-tablet-align-right elementor-mobile-align-center elementor-widget elementor-widget-button\" data-id=\"12f4845\" data-element_type=\"widget\" data-e-type=\"widget\" data-widget_type=\"button.default\">\n\t\t\t\t<div class=\"elementor-widget-container\">\n\t\t\t\t\t\t\t\t\t<div class=\"elementor-button-wrapper\">\n\t\t\t\t\t<a class=\"elementor-button elementor-button-link elementor-size-sm\" href=\"https:\/\/continentalcarcenter.com\/es\/contact-us\/\">\n\t\t\t\t\t\t<span class=\"elementor-button-content-wrapper\">\n\t\t\t\t\t\t<span class=\"elementor-button-icon\">\n\t\t\t\t<svg aria-hidden=\"true\" class=\"e-font-icon-svg e-far-envelope\" viewbox=\"0 0 512 512\" xmlns=\"http:\/\/www.w3.org\/2000\/svg\"><path d=\"M464 64H48C21.49 64 0 85.49 0 112v288c0 26.51 21.49 48 48 48h416c26.51 0 48-21.49 48-48V112c0-26.51-21.49-48-48-48zm0 48v40.805c-22.422 18.259-58.168 46.651-134.587 106.49-16.841 13.247-50.201 45.072-73.413 44.701-23.208.375-56.579-31.459-73.413-44.701C106.18 199.465 70.425 171.067 48 152.805V112h416zM48 400V214.398c22.914 18.251 55.409 43.862 104.938 82.646 21.857 17.205 60.134 55.186 103.062 54.955 42.717.231 80.509-37.199 103.053-54.947 49.528-38.783 82.032-64.401 104.947-82.653V400H48z\"><\/path><\/svg>\t\t\t<\/span>\n\t\t\t\t\t\t\t\t\t<span class=\"elementor-button-text\">Comentarios<\/span>\n\t\t\t\t\t<\/span>\n\t\t\t\t\t<\/a>\n\t\t\t\t<\/div>\n\t\t\t\t\t\t\t\t<\/div>\n\t\t\t\t<\/div>\n\t\t\t\t\t<\/div>\n\t\t<\/div>\n\t\t\t\t\t<\/div>\n\t\t<\/section>\n\t\t\t\t\t<\/div>\n\t\t<\/div>\n\t\t\t\t\t<\/div>\n\t\t<\/section>\n\t\t\t\t<\/div>","protected":false},"excerpt":{"rendered":"<p>CREDIT ANALYSIS \u00a0FORM After completing the form, call one of our officers to verify receipt of your personal data. Full Name: Date of Birth: Phone Number: Email: Postal Code: Address: Type of Residence: Own HouseRented HouseApartment RentedOwn Apartment Length of residence: Do you pay housing or rent fees?: YesNo What is the amount to be&#8230;<\/p>","protected":false},"author":1,"featured_media":0,"parent":0,"menu_order":0,"comment_status":"closed","ping_status":"closed","template":"","meta":{"_joinchat":[],"footnotes":""},"class_list":["post-7375","page","type-page","status-publish","hentry"],"_links":{"self":[{"href":"https:\/\/continentalcarcenter.com\/es\/wp-json\/wp\/v2\/pages\/7375","targetHints":{"allow":["GET"]}}],"collection":[{"href":"https:\/\/continentalcarcenter.com\/es\/wp-json\/wp\/v2\/pages"}],"about":[{"href":"https:\/\/continentalcarcenter.com\/es\/wp-json\/wp\/v2\/types\/page"}],"author":[{"embeddable":true,"href":"https:\/\/continentalcarcenter.com\/es\/wp-json\/wp\/v2\/users\/1"}],"replies":[{"embeddable":true,"href":"https:\/\/continentalcarcenter.com\/es\/wp-json\/wp\/v2\/comments?post=7375"}],"version-history":[{"count":34,"href":"https:\/\/continentalcarcenter.com\/es\/wp-json\/wp\/v2\/pages\/7375\/revisions"}],"predecessor-version":[{"id":7582,"href":"https:\/\/continentalcarcenter.com\/es\/wp-json\/wp\/v2\/pages\/7375\/revisions\/7582"}],"wp:attachment":[{"href":"https:\/\/continentalcarcenter.com\/es\/wp-json\/wp\/v2\/media?parent=7375"}],"curies":[{"name":"wp","href":"https:\/\/api.w.org\/{rel}","templated":true}]}}