{"id":3104,"date":"2022-05-11T03:16:09","date_gmt":"2022-05-11T03:16:09","guid":{"rendered":"http:\/\/test.loc\/?page_id=3100"},"modified":"2025-02-24T21:20:13","modified_gmt":"2025-02-24T20:20:13","slug":"contact-us","status":"publish","type":"page","link":"https:\/\/continentalcarcenter.com\/es\/contact-us\/","title":{"rendered":"Contact-us Elementor"},"content":{"rendered":"<div data-elementor-type=\"wp-page\" data-elementor-id=\"3104\" class=\"elementor elementor-3104\">\n\t\t\t\t\t\t<section class=\"elementor-section elementor-top-section elementor-element elementor-element-fd15043 elementor-section-full_width elementor-section-height-min-height elementor-section-stretched elementor-section-height-default elementor-section-items-middle\" data-id=\"fd15043\" data-element_type=\"section\" data-e-type=\"section\" data-settings=\"{&quot;stretch_section&quot;:&quot;section-stretched&quot;,&quot;background_background&quot;:&quot;classic&quot;}\">\n\t\t\t\t\t\t<div class=\"elementor-container elementor-column-gap-default\">\n\t\t\t\t\t<div class=\"elementor-column elementor-col-100 elementor-top-column elementor-element elementor-element-5cab879\" data-id=\"5cab879\" data-element_type=\"column\" data-e-type=\"column\">\n\t\t\t<div class=\"elementor-widget-wrap elementor-element-populated\">\n\t\t\t\t\t\t<section class=\"elementor-section elementor-inner-section elementor-element elementor-element-0bb7e84 elementor-section-boxed elementor-section-height-default elementor-section-height-default\" data-id=\"0bb7e84\" data-element_type=\"section\" data-e-type=\"section\" data-settings=\"{&quot;background_background&quot;:&quot;classic&quot;}\">\n\t\t\t\t\t\t<div class=\"elementor-container elementor-column-gap-default\">\n\t\t\t\t\t<div class=\"elementor-column elementor-col-100 elementor-inner-column elementor-element elementor-element-1f1eb0f\" data-id=\"1f1eb0f\" data-element_type=\"column\" data-e-type=\"column\" data-settings=\"{&quot;background_background&quot;:&quot;classic&quot;}\">\n\t\t\t<div class=\"elementor-widget-wrap elementor-element-populated\">\n\t\t\t\t\t\t<div class=\"elementor-element elementor-element-ae22989 elementor-absolute elementor-widget__width-initial elementor-widget elementor-widget-stm-contact-form-seven\" data-id=\"ae22989\" data-element_type=\"widget\" data-e-type=\"widget\" data-settings=\"{&quot;_position&quot;:&quot;absolute&quot;}\" data-widget_type=\"stm-contact-form-seven.default\">\n\t\t\t\t<div class=\"elementor-widget-container\">\n\t\t\t\t\t\n<div class=\"stm-elementor-contact-form-seven\" id=\"single_contact_form_98335\">\n\t<div class=\"icon-title\">\n\t\t\t\t\t<h2 class=\"heading-font title\">\n\t\t\t\tCONTACTO\t\t\t<\/h2>\n\t\t\t<\/div>\n\n\t\n\t\n<div class=\"wpcf7 no-js\" id=\"wpcf7-f717-o1\" lang=\"en-US\" dir=\"ltr\" data-wpcf7-id=\"717\">\n<div class=\"screen-reader-response\"><p role=\"status\" aria-live=\"polite\" aria-atomic=\"true\"><\/p> <ul><\/ul><\/div>\n<form action=\"\/es\/wp-json\/wp\/v2\/pages\/3104#wpcf7-f717-o1\" method=\"post\" class=\"wpcf7-form init\" aria-label=\"Contact form\" novalidate=\"novalidate\" data-status=\"init\" data-trp-original-action=\"\/es\/wp-json\/wp\/v2\/pages\/3104#wpcf7-f717-o1\">\n<fieldset class=\"hidden-fields-container\"><input type=\"hidden\" name=\"_wpcf7\" value=\"717\" \/><input type=\"hidden\" name=\"_wpcf7_version\" value=\"6.1.5\" \/><input type=\"hidden\" name=\"_wpcf7_locale\" value=\"en_US\" \/><input type=\"hidden\" name=\"_wpcf7_unit_tag\" value=\"wpcf7-f717-o1\" \/><input type=\"hidden\" name=\"_wpcf7_container_post\" value=\"0\" \/><input type=\"hidden\" name=\"_wpcf7_posted_data_hash\" value=\"\" \/>\n<\/fieldset>\n<div class=\"row\">\n    <div class=\"col-md-7 col-sm-7\">\n        <div class=\"row\">\n            <div class=\"col-md-6 col-sm-6\">\n                <div class=\"form-group\">\n                    <div class=\"contact-us-label\">Nombre*<\/div>\n                    <span class=\"wpcf7-form-control-wrap\" data-name=\"first-name\"><input size=\"40\" maxlength=\"400\" class=\"wpcf7-form-control wpcf7-text wpcf7-validates-as-required\" aria-required=\"true\" aria-invalid=\"false\" placeholder=\"Ingrese su nombre de pila\" value=\"\" type=\"text\" name=\"first-name\" \/><\/span>\n                <\/div>\n            <\/div>\n            <div class=\"col-md-6 col-sm-6\">\n                <div class=\"form-group\">\n                    <div class=\"contact-us-label\">Apellido*<\/div>\n                    <span class=\"wpcf7-form-control-wrap\" data-name=\"last-name\"><input size=\"40\" maxlength=\"400\" class=\"wpcf7-form-control wpcf7-text wpcf7-validates-as-required\" aria-required=\"true\" aria-invalid=\"false\" placeholder=\"Ingrese su apellido\" value=\"\" type=\"text\" name=\"last-name\" \/><\/span>\n                <\/div>\n            <\/div>\n        <\/div>\n        <div class=\"row\">\n            <div class=\"col-md-6 col-sm-6\">\n                <div class=\"form-group\">\n                    <div class=\"contact-us-label\">Correo electr\u00f3nico*<\/div>\n                    <span class=\"wpcf7-form-control-wrap\" data-name=\"email\"><input size=\"40\" maxlength=\"400\" class=\"wpcf7-form-control wpcf7-email wpcf7-validates-as-required wpcf7-text wpcf7-validates-as-email\" aria-required=\"true\" aria-invalid=\"false\" placeholder=\"email@domain.com\" value=\"\" type=\"email\" name=\"email\" \/><\/span>\n                <\/div>\n            <\/div>\n            <div class=\"col-md-6 col-sm-6\">\n                <div class=\"form-group\">\n                    <div class=\"contact-us-label\">Tel\u00e9fono<\/div>\n                    <span class=\"wpcf7-form-control-wrap\" data-name=\"phone\"><input size=\"40\" maxlength=\"400\" class=\"wpcf7-form-control wpcf7-tel wpcf7-text wpcf7-validates-as-tel\" aria-invalid=\"false\" placeholder=\"N\u00famero de tel\u00e9fono\" value=\"\" type=\"tel\" name=\"phone\" \/><\/span>\n                <\/div>\n            <\/div>\n        <\/div>\n\n        <div class=\"row\">\n            <div class=\"col-md-12 stm-contact-us-checkbox\">\n                <span class=\"wpcf7-form-control-wrap\" data-name=\"subscribe\"><span class=\"wpcf7-form-control wpcf7-checkbox\"><span class=\"wpcf7-list-item first last\"><label><input type=\"checkbox\" name=\"subscribe[]\" value=\"Subscribe and Get latest updates and offers by Email\" \/><span class=\"wpcf7-list-item-label\">Suscr\u00edbase y reciba las \u00faltimas novedades y ofertas por correo electr\u00f3nico.<\/span><\/label><\/span><\/span><\/span>\n            <\/div>\n        <\/div>\n    <\/div>\n\n    <div class=\"col-md-5 col-sm-5\">\n        <div class=\"form-group\">\n            <div class=\"form-group\">\n                <div class=\"contact-us-label\">\u00bfC\u00f3mo?<\/div>\n                <span class=\"wpcf7-form-control-wrap\" data-name=\"message\"><textarea cols=\"40\" rows=\"10\" maxlength=\"2000\" class=\"wpcf7-form-control wpcf7-textarea\" aria-invalid=\"false\" placeholder=\"Escriba su mensaje...\" name=\"message\"><\/textarea><\/span>\n            <\/div>\n        <\/div>\n        <div class=\"contact-us-submit\">\n            <input class=\"wpcf7-form-control wpcf7-submit has-spinner contact-us-submit\" type=\"submit\" value=\"Enviar\" \/>\n        <\/div>\n    <\/div>\n<\/div><div class=\"wpcf7-response-output\" aria-hidden=\"true\"><\/div>\n<input type=\"hidden\" name=\"trp-form-language\" value=\"es\"\/><\/form>\n<\/div>\n\t<\/div>\n\n\t\t\t\t<\/div>\n\t\t\t\t<\/div>\n\t\t\t\t\t<\/div>\n\t\t<\/div>\n\t\t\t\t\t<\/div>\n\t\t<\/section>\n\t\t\t\t\t<\/div>\n\t\t<\/div>\n\t\t\t\t\t<\/div>\n\t\t<\/section>\n\t\t\t\t<section class=\"elementor-section elementor-top-section elementor-element elementor-element-51b8b43 elementor-section-full_width elementor-section-height-default elementor-section-height-default\" data-id=\"51b8b43\" data-element_type=\"section\" data-e-type=\"section\">\n\t\t\t\t\t\t<div class=\"elementor-container elementor-column-gap-default\">\n\t\t\t\t\t<div class=\"elementor-column elementor-col-33 elementor-top-column elementor-element elementor-element-11ee9bf\" data-id=\"11ee9bf\" data-element_type=\"column\" data-e-type=\"column\">\n\t\t\t<div class=\"elementor-widget-wrap elementor-element-populated\">\n\t\t\t\t\t\t<div class=\"elementor-element elementor-element-4d970ae elementor-widget elementor-widget-motors-contact-tabs\" data-id=\"4d970ae\" data-element_type=\"widget\" data-e-type=\"widget\" data-settings=\"{&quot;_animation&quot;:&quot;none&quot;}\" data-widget_type=\"motors-contact-tabs.default\">\n\t\t\t\t<div class=\"elementor-widget-container\">\n\t\t\t\t\t\t<div class=\"stm-elementor-contact-tabs\">\n\t\t<div class=\"elementor-contact-tabs\">\n\t\t\t<div class=\"elementor-contact-tabs-container\">\n\t\t\t\t<ul class=\"elementor-contact-tabs-list\">\n\t\t\t\t\t\t\t\t\t\t<li class=\"elementor-contact-tab active\" data-tab=\"215770\">\n\t\t\t\t\t\t<span class=\"tab-item\">\n\t\t\t\t\t\t\t<span class=\"elementor-contact-title-text\">\n\t\t\t\t\t\t\t\tOffice\t\t\t\t\t\t\t<\/span>\n\t\t\t\t\t\t<\/span>\n\t\t\t\t\t<\/li>\n\t\t\t\t\t\t\t\t\t<\/ul>\n\t\t\t<\/div>\n\t\t\t<div class=\"contact-tabs-containers-wrap\">\n\t\t\t\t\t\t\t\t\t<div class=\"elementor-contact-panels-container contact-panel-215770 active\">\n\t\t\t\t\t\t\t\t\t\t\t\t<div class=\"tab-unit\">\n\t\t\t\t\t\t\t<div class=\"icon\">\n\t\t\t\t\t\t\t\t\t\t\t\t\t\t\t\t\t\t<i class=\"stmicon- stm-icon-pin\"><\/i>\n\t\t\t\t\t\t\t\t\t\t\t\t\t\t\t\t\t<\/div>\n\t\t\t\t\t\t\t<div class=\"text\">\n\t\t\t\t\t\t\t\t<h4 class=\"title heading-font\">\n\t\t\t\t\t\t\t\t\tDirecci\u00f3n\t\t\t\t\t\t\t\t<\/h4>\n\t\t\t\t\t\t\t\t<div class=\"content heading-font\">\n\t\t\t\t\t\t\t\t\t<div class=\"icon-box vc_custom_1447842696775 icon_box_63500 stm-layout-box-car_dealer\">\n<div class=\"icon-text\">\n<div class=\"content heading-font\">\n\n138, Hiradecho, Nishi Ward<br> Nagoya-Shi, Aichi, Japan\n\n<\/div>\n<\/div>\n<\/div>\t\t\t\t\t\t\t\t<\/div>\n\t\t\t\t\t\t\t<\/div>\n\t\t\t\t\t\t<\/div>\n\t\t\t\t\t\t\n\t\t\t\t\t\t\t\t\t\t\t\t<div class=\"tab-unit\">\n\t\t\t\t\t\t\t<div class=\"icon\">\n\t\t\t\t\t\t\t\t\t\t\t\t\t\t\t\t\t\t<i class=\"stmicon- stm-icon-phone\"><\/i>\n\t\t\t\t\t\t\t\t\t\t\t\t\t\t\t\t\t<\/div>\n\t\t\t\t\t\t\t<div class=\"text\">\n\t\t\t\t\t\t\t\t<h4 class=\"title heading-font\">\n\t\t\t\t\t\t\t\t\tTel\u00e9fono de ventas\t\t\t\t\t\t\t\t<\/h4>\n\t\t\t\t\t\t\t\t<div class=\"content heading-font\">\n\t\t\t\t\t\t\t\t\tCarlos: 09056038985<br>\nCelso: 08049634639\t\t\t\t\t\t\t\t<\/div>\n\t\t\t\t\t\t\t<\/div>\n\t\t\t\t\t\t<\/div>\n\t\t\t\t\t\t\n\t\t\t\t\t\t\t\t\t\t\t\t<div class=\"tab-unit\">\n\t\t\t\t\t\t\t<div class=\"icon\">\n\t\t\t\t\t\t\t\t\t\t\t\t\t\t\t\t\t\t<i class=\"stmicon- stm-icon-time\"><\/i>\n\t\t\t\t\t\t\t\t\t\t\t\t\t\t\t\t\t<\/div>\n\t\t\t\t\t\t\t<div class=\"text\">\n\t\t\t\t\t\t\t\t<h4 class=\"title heading-font\">\n\t\t\t\t\t\t\t\t\tHorario de ventas\t\t\t\t\t\t\t\t<\/h4>\n\t\t\t\t\t\t\t\t<div class=\"content heading-font\">\n\t\t\t\t\t\t\t\t\tLunes: Cerrado\nMartes a viernes: 09:00 a. m. a 07:00 p. m.\nS\u00e1bado y domingo: 09:00 a. m. a 07:00 p. m.\t\t\t\t\t\t\t\t<\/div>\n\t\t\t\t\t\t\t<\/div>\n\t\t\t\t\t\t<\/div>\n\t\t\t\t\t\t\t\t\t\t\t<\/div>\n\t\t\t\t\t\t\t<\/div>\n\t\t<\/div>\n\t<\/div>\n\t\t\t\t\t<\/div>\n\t\t\t\t<\/div>\n\t\t\t\t\t<\/div>\n\t\t<\/div>\n\t\t\t\t<div class=\"elementor-column elementor-col-66 elementor-top-column elementor-element elementor-element-c583530\" data-id=\"c583530\" data-element_type=\"column\" data-e-type=\"column\">\n\t\t\t<div class=\"elementor-widget-wrap elementor-element-populated\">\n\t\t\t\t\t\t<div class=\"elementor-element elementor-element-bb351be elementor-widget elementor-widget-text-editor\" data-id=\"bb351be\" data-element_type=\"widget\" data-e-type=\"widget\" data-widget_type=\"text-editor.default\">\n\t\t\t\t<div class=\"elementor-widget-container\">\n\t\t\t\t\t\t\t\t\t<iframe src=\"https:\/\/www.google.com\/maps\/embed?pb=!1m18!1m12!1m3!1d814.7699117691222!2d136.8676824389976!3d35.22938729385948!2m3!1f0!2f0!3f0!3m2!1i1024!2i768!4f13.1!3m3!1m2!1s0x600374ff539a7ded%3A0x8e696d092bba572d!2sCONTINENTAL%20CAR%20CENTER!5e0!3m2!1ses!2spe!4v1740427218768!5m2!1ses!2spe\" width=\"100%\" height=\"400\" style=\"border:0;\" allowfullscreen=\"\" loading=\"lazy\" referrerpolicy=\"no-referrer-when-downgrade\"><\/iframe>\t\t\t\t\t\t\t\t<\/div>\n\t\t\t\t<\/div>\n\t\t\t\t\t<\/div>\n\t\t<\/div>\n\t\t\t\t\t<\/div>\n\t\t<\/section>\n\t\t\t\t<\/div>","protected":false},"excerpt":{"rendered":"<p>CONTACT US First Name* Last Name* Email* Phone Subscribe and Get latest updates and offers by Email Comment Office Address 138, Hiradecho, Nishi Ward Nagoya-Shi, Aichi, Japan Sales Phone Carlos: 09056038985 Celso: 08049634639 Sales Hours Monday: Closed Tuesday &#8211; Friday: 09:00 am &#8211; 07:00 pm Saturday &#8211; Sunday: 09:00 am &#8211; 07:00 pm<\/p>","protected":false},"author":1,"featured_media":0,"parent":0,"menu_order":0,"comment_status":"closed","ping_status":"closed","template":"","meta":{"_joinchat":[],"footnotes":""},"class_list":["post-3104","page","type-page","status-publish","hentry"],"_links":{"self":[{"href":"https:\/\/continentalcarcenter.com\/es\/wp-json\/wp\/v2\/pages\/3104","targetHints":{"allow":["GET"]}}],"collection":[{"href":"https:\/\/continentalcarcenter.com\/es\/wp-json\/wp\/v2\/pages"}],"about":[{"href":"https:\/\/continentalcarcenter.com\/es\/wp-json\/wp\/v2\/types\/page"}],"author":[{"embeddable":true,"href":"https:\/\/continentalcarcenter.com\/es\/wp-json\/wp\/v2\/users\/1"}],"replies":[{"embeddable":true,"href":"https:\/\/continentalcarcenter.com\/es\/wp-json\/wp\/v2\/comments?post=3104"}],"version-history":[{"count":10,"href":"https:\/\/continentalcarcenter.com\/es\/wp-json\/wp\/v2\/pages\/3104\/revisions"}],"predecessor-version":[{"id":7736,"href":"https:\/\/continentalcarcenter.com\/es\/wp-json\/wp\/v2\/pages\/3104\/revisions\/7736"}],"wp:attachment":[{"href":"https:\/\/continentalcarcenter.com\/es\/wp-json\/wp\/v2\/media?parent=3104"}],"curies":[{"name":"wp","href":"https:\/\/api.w.org\/{rel}","templated":true}]}}